{"id":358,"date":"2024-05-11T11:10:40","date_gmt":"2024-05-11T11:10:40","guid":{"rendered":"https:\/\/tonspuren.org\/?page_id=358"},"modified":"2024-10-29T11:13:06","modified_gmt":"2024-10-29T11:13:06","slug":"hans-theessink","status":"publish","type":"page","link":"https:\/\/tonspuren.org\/?page_id=358","title":{"rendered":"Hans Theessink"},"content":{"rendered":"\t\t<div data-elementor-type=\"wp-page\" data-elementor-id=\"358\" class=\"elementor elementor-358\">\n\t\t\t\t<div class=\"elementor-element elementor-element-1159d6f e-con-full e-flex e-con e-parent\" data-id=\"1159d6f\" data-element_type=\"container\" data-e-type=\"container\">\n\t\t<div class=\"elementor-element elementor-element-5a755d0 e-con-full e-flex e-con e-child\" data-id=\"5a755d0\" data-element_type=\"container\" data-e-type=\"container\">\n\t\t\t\t<div class=\"elementor-element elementor-element-9be1358 elementor-widget elementor-widget-image\" data-id=\"9be1358\" data-element_type=\"widget\" data-e-type=\"widget\" data-widget_type=\"image.default\">\n\t\t\t\t<div class=\"elementor-widget-container\">\n\t\t\t\t\t\t\t\t\t\t\t\t\t\t\t<img fetchpriority=\"high\" decoding=\"async\" width=\"1024\" height=\"683\" src=\"https:\/\/tonspuren.org\/wp-content\/uploads\/2024\/05\/Theessink-1024x683.jpg\" class=\"attachment-large size-large wp-image-79\" alt=\"\" srcset=\"https:\/\/tonspuren.org\/wp-content\/uploads\/2024\/05\/Theessink-1024x683.jpg 1024w, https:\/\/tonspuren.org\/wp-content\/uploads\/2024\/05\/Theessink-300x200.jpg 300w, https:\/\/tonspuren.org\/wp-content\/uploads\/2024\/05\/Theessink-768x512.jpg 768w, https:\/\/tonspuren.org\/wp-content\/uploads\/2024\/05\/Theessink.jpg 1500w\" sizes=\"(max-width: 1024px) 100vw, 1024px\" \/>\t\t\t\t\t\t\t\t\t\t\t\t\t\t\t<\/div>\n\t\t\t\t<\/div>\n\t\t\t\t<\/div>\n\t\t<div class=\"elementor-element elementor-element-0690ae9 e-con-full e-flex e-con e-child\" data-id=\"0690ae9\" data-element_type=\"container\" data-e-type=\"container\">\n\t\t\t\t<div class=\"elementor-element elementor-element-635d8b9 elementor-widget elementor-widget-text-editor\" data-id=\"635d8b9\" data-element_type=\"widget\" data-e-type=\"widget\" data-widget_type=\"text-editor.default\">\n\t\t\t\t<div class=\"elementor-widget-container\">\n\t\t\t\t\t\t\t\t\t<p><span style=\"color: #ffffff;\">Lebende Legende der Rootsmusik<\/span><\/p>\n<p><span style=\"color: #ffffff;\"><!-- \/wp:paragraph --><!-- wp:paragraph --><\/span><\/p>\n<p><span style=\"color: #ffffff;\">Mit \u00fcber 8000 Konzerten, 30 Alben und beeindruckenden 50 Jahren B\u00fchnenpr\u00e4senz ist&nbsp;<strong>Hans Theessink<\/strong>&nbsp;eine unangefochtene Institution der Rootsmusik. Seine gef\u00fchlvollen Interpretationen des Acoustic Blues haben ihn zu einer herausragenden Pers\u00f6nlichkeit gemacht.<\/span><\/p>\n<p><span style=\"color: #ffffff;\"><!-- \/wp:paragraph --><!-- wp:paragraph --><\/span><\/p>\n<p><span style=\"color: #ffffff;\">Als Wahlwiener mit sonoren Stimme und unverkennbarem Gitarrenstil, hat er weltweit Anerkennung gefunden. Internationale Tourneen f\u00fchren ihn st\u00e4ndig um den Globus, <br>und seine G\u00e4steliste liest sich wie ein Who\u2019s Who der Musikgeschichte, <br>darunter Dolly Parton und Arlo Guthrie.<\/span><\/p>\n<p><span style=\"color: #ffffff;\"><!-- \/wp:paragraph --><!-- wp:paragraph --><\/span><\/p>\n<p><span style=\"color: #ffffff;\">Seine zahlreichen Auszeichnungen, darunter das Goldene Verdienstzeichen des Landes Wien, der Goldene Rathausmann, mehrere Amadeus Awards, die Aufnahme in die Dutch Blues Hall of Fame, der USA Blues Music Award und der Danish Music Award, <br>spiegeln die Wertsch\u00e4tzung seiner k\u00fcnstlerischen Beitr\u00e4ge wider.<\/span><\/p>\n<p><span style=\"color: #ffffff;\"><!-- \/wp:paragraph --><!-- wp:paragraph --><\/span><\/p>\n<p><span style=\"color: #ffffff;\">Hans Theessink bleibt nicht nur ein gefragter K\u00fcnstler auf der B\u00fchne, sondern auch eine inspirierende Pers\u00f6nlichkeit. Seine beeindruckende Karriere hat ihm den Status einer lebenden Legende redlich verdient.<\/span><\/p>\t\t\t\t\t\t\t\t<\/div>\n\t\t\t\t<\/div>\n\t\t\t\t<\/div>\n\t\t\t\t<\/div>\n\t\t<div class=\"elementor-element elementor-element-51289ba e-con-full e-flex e-con e-parent\" data-id=\"51289ba\" data-element_type=\"container\" data-e-type=\"container\">\n\t\t<div class=\"elementor-element elementor-element-0ece6c5 e-con-full e-flex e-con e-child\" data-id=\"0ece6c5\" data-element_type=\"container\" data-e-type=\"container\">\n\t\t\t\t<\/div>\n\t\t<div class=\"elementor-element elementor-element-a227edf e-con-full e-flex e-con e-child\" data-id=\"a227edf\" data-element_type=\"container\" data-e-type=\"container\">\n\t\t\t\t<div class=\"elementor-element elementor-element-41f58b6e elementor-align-left elementor-widget__width-initial elementor-widget elementor-widget-button\" data-id=\"41f58b6e\" data-element_type=\"widget\" data-e-type=\"widget\" data-widget_type=\"button.default\">\n\t\t\t\t<div class=\"elementor-widget-container\">\n\t\t\t\t\t\t\t\t\t<div class=\"elementor-button-wrapper\">\n\t\t\t\t\t<a class=\"elementor-button elementor-button-link elementor-size-sm\" href=\"https:\/\/www.eventim-light.com\/at\/a\/65245179d546a07f2686e442\">\n\t\t\t\t\t\t<span class=\"elementor-button-content-wrapper\">\n\t\t\t\t\t\t<span class=\"elementor-button-icon\">\n\t\t\t\t<svg aria-hidden=\"true\" class=\"e-font-icon-svg e-fas-ticket-alt\" viewBox=\"0 0 576 512\" xmlns=\"http:\/\/www.w3.org\/2000\/svg\"><path d=\"M128 160h320v192H128V160zm400 96c0 26.51 21.49 48 48 48v96c0 26.51-21.49 48-48 48H48c-26.51 0-48-21.49-48-48v-96c26.51 0 48-21.49 48-48s-21.49-48-48-48v-96c0-26.51 21.49-48 48-48h480c26.51 0 48 21.49 48 48v96c-26.51 0-48 21.49-48 48zm-48-104c0-13.255-10.745-24-24-24H120c-13.255 0-24 10.745-24 24v208c0 13.255 10.745 24 24 24h336c13.255 0 24-10.745 24-24V152z\"><\/path><\/svg>\t\t\t<\/span>\n\t\t\t\t\t\t\t\t\t<span class=\"elementor-button-text\">Hier geht es zum Ticket Shop<\/span>\n\t\t\t\t\t<\/span>\n\t\t\t\t\t<\/a>\n\t\t\t\t<\/div>\n\t\t\t\t\t\t\t\t<\/div>\n\t\t\t\t<\/div>\n\t\t\t\t<\/div>\n\t\t\t\t<\/div>\n\t\t\t\t<\/div>\n\t\t","protected":false},"excerpt":{"rendered":"<p>Lebende Legende der Rootsmusik Mit \u00fcber 8000 Konzerten, 30 Alben und beeindruckenden 50 Jahren B\u00fchnenpr\u00e4senz ist&nbsp;Hans Theessink&nbsp;eine unangefochtene Institution.<\/p>\n","protected":false},"author":1,"featured_media":0,"parent":0,"menu_order":0,"comment_status":"closed","ping_status":"closed","template":"","meta":{"footnotes":""},"class_list":["post-358","page","type-page","status-publish","hentry"],"yoast_head":"<!-- This site is optimized with the Yoast SEO plugin v27.4 - https:\/\/yoast.com\/product\/yoast-seo-wordpress\/ -->\n<title>Hans Theessink - TONSPUREN 2026<\/title>\n<meta name=\"robots\" content=\"index, follow, max-snippet:-1, max-image-preview:large, max-video-preview:-1\" \/>\n<link rel=\"canonical\" href=\"https:\/\/tonspuren.org\/?page_id=358\" \/>\n<meta property=\"og:locale\" content=\"de_DE\" \/>\n<meta property=\"og:type\" content=\"article\" \/>\n<meta property=\"og:title\" content=\"Hans Theessink - TONSPUREN 2026\" \/>\n<meta property=\"og:description\" content=\"Lebende Legende der Rootsmusik Mit \u00fcber 8000 Konzerten, 30 Alben und beeindruckenden 50 Jahren B\u00fchnenpr\u00e4senz ist&nbsp;Hans Theessink&nbsp;eine unangefochtene Institution.\" \/>\n<meta property=\"og:url\" content=\"https:\/\/tonspuren.org\/?page_id=358\" \/>\n<meta property=\"og:site_name\" content=\"TONSPUREN 2026\" \/>\n<meta property=\"article:publisher\" content=\"https:\/\/www.facebook.com\/profile.php?id=61550600819924&amp;locale=de_DE\" \/>\n<meta property=\"article:modified_time\" content=\"2024-10-29T11:13:06+00:00\" \/>\n<meta property=\"og:image\" content=\"https:\/\/tonspuren.org\/wp-content\/uploads\/2024\/05\/Theessink.jpg\" \/>\n\t<meta property=\"og:image:width\" content=\"1500\" \/>\n\t<meta property=\"og:image:height\" content=\"1000\" \/>\n\t<meta property=\"og:image:type\" content=\"image\/jpeg\" \/>\n<meta name=\"twitter:card\" content=\"summary_large_image\" \/>\n<meta name=\"twitter:label1\" content=\"Gesch\u00e4tzte Lesezeit\" \/>\n\t<meta name=\"twitter:data1\" content=\"2 Minuten\" \/>\n<script type=\"application\/ld+json\" class=\"yoast-schema-graph\">{\"@context\":\"https:\\\/\\\/schema.org\",\"@graph\":[{\"@type\":\"WebPage\",\"@id\":\"https:\\\/\\\/tonspuren.org\\\/?page_id=358\",\"url\":\"https:\\\/\\\/tonspuren.org\\\/?page_id=358\",\"name\":\"Hans Theessink - TONSPUREN 2026\",\"isPartOf\":{\"@id\":\"https:\\\/\\\/tonspuren.org\\\/#website\"},\"primaryImageOfPage\":{\"@id\":\"https:\\\/\\\/tonspuren.org\\\/?page_id=358#primaryimage\"},\"image\":{\"@id\":\"https:\\\/\\\/tonspuren.org\\\/?page_id=358#primaryimage\"},\"thumbnailUrl\":\"https:\\\/\\\/tonspuren.org\\\/wp-content\\\/uploads\\\/2024\\\/05\\\/Theessink-1024x683.jpg\",\"datePublished\":\"2024-05-11T11:10:40+00:00\",\"dateModified\":\"2024-10-29T11:13:06+00:00\",\"breadcrumb\":{\"@id\":\"https:\\\/\\\/tonspuren.org\\\/?page_id=358#breadcrumb\"},\"inLanguage\":\"de-AT\",\"potentialAction\":[{\"@type\":\"ReadAction\",\"target\":[\"https:\\\/\\\/tonspuren.org\\\/?page_id=358\"]}]},{\"@type\":\"ImageObject\",\"inLanguage\":\"de-AT\",\"@id\":\"https:\\\/\\\/tonspuren.org\\\/?page_id=358#primaryimage\",\"url\":\"https:\\\/\\\/tonspuren.org\\\/wp-content\\\/uploads\\\/2024\\\/05\\\/Theessink.jpg\",\"contentUrl\":\"https:\\\/\\\/tonspuren.org\\\/wp-content\\\/uploads\\\/2024\\\/05\\\/Theessink.jpg\",\"width\":1500,\"height\":1000},{\"@type\":\"BreadcrumbList\",\"@id\":\"https:\\\/\\\/tonspuren.org\\\/?page_id=358#breadcrumb\",\"itemListElement\":[{\"@type\":\"ListItem\",\"position\":1,\"name\":\"Startseite\",\"item\":\"https:\\\/\\\/tonspuren.org\\\/\"},{\"@type\":\"ListItem\",\"position\":2,\"name\":\"Hans Theessink\"}]},{\"@type\":\"WebSite\",\"@id\":\"https:\\\/\\\/tonspuren.org\\\/#website\",\"url\":\"https:\\\/\\\/tonspuren.org\\\/\",\"name\":\"TONSPUREN 2024\",\"description\":\"Verein zur F\u00f6rderung von Kunst und Kultur\",\"publisher\":{\"@id\":\"https:\\\/\\\/tonspuren.org\\\/#organization\"},\"potentialAction\":[{\"@type\":\"SearchAction\",\"target\":{\"@type\":\"EntryPoint\",\"urlTemplate\":\"https:\\\/\\\/tonspuren.org\\\/?s={search_term_string}\"},\"query-input\":{\"@type\":\"PropertyValueSpecification\",\"valueRequired\":true,\"valueName\":\"search_term_string\"}}],\"inLanguage\":\"de-AT\"},{\"@type\":\"Organization\",\"@id\":\"https:\\\/\\\/tonspuren.org\\\/#organization\",\"name\":\"TONSPUREN 2024\",\"url\":\"https:\\\/\\\/tonspuren.org\\\/\",\"logo\":{\"@type\":\"ImageObject\",\"inLanguage\":\"de-AT\",\"@id\":\"https:\\\/\\\/tonspuren.org\\\/#\\\/schema\\\/logo\\\/image\\\/\",\"url\":\"https:\\\/\\\/tonspuren.org\\\/wp-content\\\/uploads\\\/2024\\\/05\\\/Dein-Abschnittstext.png\",\"contentUrl\":\"https:\\\/\\\/tonspuren.org\\\/wp-content\\\/uploads\\\/2024\\\/05\\\/Dein-Abschnittstext.png\",\"width\":1748,\"height\":1240,\"caption\":\"TONSPUREN 2024\"},\"image\":{\"@id\":\"https:\\\/\\\/tonspuren.org\\\/#\\\/schema\\\/logo\\\/image\\\/\"},\"sameAs\":[\"https:\\\/\\\/www.facebook.com\\\/profile.php?id=61550600819924&locale=de_DE\"]}]}<\/script>\n<!-- \/ Yoast SEO plugin. -->","yoast_head_json":{"title":"Hans Theessink - TONSPUREN 2026","robots":{"index":"index","follow":"follow","max-snippet":"max-snippet:-1","max-image-preview":"max-image-preview:large","max-video-preview":"max-video-preview:-1"},"canonical":"https:\/\/tonspuren.org\/?page_id=358","og_locale":"de_DE","og_type":"article","og_title":"Hans Theessink - TONSPUREN 2026","og_description":"Lebende Legende der Rootsmusik Mit \u00fcber 8000 Konzerten, 30 Alben und beeindruckenden 50 Jahren B\u00fchnenpr\u00e4senz ist&nbsp;Hans Theessink&nbsp;eine unangefochtene Institution.","og_url":"https:\/\/tonspuren.org\/?page_id=358","og_site_name":"TONSPUREN 2026","article_publisher":"https:\/\/www.facebook.com\/profile.php?id=61550600819924&locale=de_DE","article_modified_time":"2024-10-29T11:13:06+00:00","og_image":[{"width":1500,"height":1000,"url":"https:\/\/tonspuren.org\/wp-content\/uploads\/2024\/05\/Theessink.jpg","type":"image\/jpeg"}],"twitter_card":"summary_large_image","twitter_misc":{"Gesch\u00e4tzte Lesezeit":"2 Minuten"},"schema":{"@context":"https:\/\/schema.org","@graph":[{"@type":"WebPage","@id":"https:\/\/tonspuren.org\/?page_id=358","url":"https:\/\/tonspuren.org\/?page_id=358","name":"Hans Theessink - TONSPUREN 2026","isPartOf":{"@id":"https:\/\/tonspuren.org\/#website"},"primaryImageOfPage":{"@id":"https:\/\/tonspuren.org\/?page_id=358#primaryimage"},"image":{"@id":"https:\/\/tonspuren.org\/?page_id=358#primaryimage"},"thumbnailUrl":"https:\/\/tonspuren.org\/wp-content\/uploads\/2024\/05\/Theessink-1024x683.jpg","datePublished":"2024-05-11T11:10:40+00:00","dateModified":"2024-10-29T11:13:06+00:00","breadcrumb":{"@id":"https:\/\/tonspuren.org\/?page_id=358#breadcrumb"},"inLanguage":"de-AT","potentialAction":[{"@type":"ReadAction","target":["https:\/\/tonspuren.org\/?page_id=358"]}]},{"@type":"ImageObject","inLanguage":"de-AT","@id":"https:\/\/tonspuren.org\/?page_id=358#primaryimage","url":"https:\/\/tonspuren.org\/wp-content\/uploads\/2024\/05\/Theessink.jpg","contentUrl":"https:\/\/tonspuren.org\/wp-content\/uploads\/2024\/05\/Theessink.jpg","width":1500,"height":1000},{"@type":"BreadcrumbList","@id":"https:\/\/tonspuren.org\/?page_id=358#breadcrumb","itemListElement":[{"@type":"ListItem","position":1,"name":"Startseite","item":"https:\/\/tonspuren.org\/"},{"@type":"ListItem","position":2,"name":"Hans Theessink"}]},{"@type":"WebSite","@id":"https:\/\/tonspuren.org\/#website","url":"https:\/\/tonspuren.org\/","name":"TONSPUREN 2024","description":"Verein zur F\u00f6rderung von Kunst und Kultur","publisher":{"@id":"https:\/\/tonspuren.org\/#organization"},"potentialAction":[{"@type":"SearchAction","target":{"@type":"EntryPoint","urlTemplate":"https:\/\/tonspuren.org\/?s={search_term_string}"},"query-input":{"@type":"PropertyValueSpecification","valueRequired":true,"valueName":"search_term_string"}}],"inLanguage":"de-AT"},{"@type":"Organization","@id":"https:\/\/tonspuren.org\/#organization","name":"TONSPUREN 2024","url":"https:\/\/tonspuren.org\/","logo":{"@type":"ImageObject","inLanguage":"de-AT","@id":"https:\/\/tonspuren.org\/#\/schema\/logo\/image\/","url":"https:\/\/tonspuren.org\/wp-content\/uploads\/2024\/05\/Dein-Abschnittstext.png","contentUrl":"https:\/\/tonspuren.org\/wp-content\/uploads\/2024\/05\/Dein-Abschnittstext.png","width":1748,"height":1240,"caption":"TONSPUREN 2024"},"image":{"@id":"https:\/\/tonspuren.org\/#\/schema\/logo\/image\/"},"sameAs":["https:\/\/www.facebook.com\/profile.php?id=61550600819924&locale=de_DE"]}]}},"_links":{"self":[{"href":"https:\/\/tonspuren.org\/index.php?rest_route=\/wp\/v2\/pages\/358","targetHints":{"allow":["GET"]}}],"collection":[{"href":"https:\/\/tonspuren.org\/index.php?rest_route=\/wp\/v2\/pages"}],"about":[{"href":"https:\/\/tonspuren.org\/index.php?rest_route=\/wp\/v2\/types\/page"}],"author":[{"embeddable":true,"href":"https:\/\/tonspuren.org\/index.php?rest_route=\/wp\/v2\/users\/1"}],"replies":[{"embeddable":true,"href":"https:\/\/tonspuren.org\/index.php?rest_route=%2Fwp%2Fv2%2Fcomments&post=358"}],"version-history":[{"count":34,"href":"https:\/\/tonspuren.org\/index.php?rest_route=\/wp\/v2\/pages\/358\/revisions"}],"predecessor-version":[{"id":3400,"href":"https:\/\/tonspuren.org\/index.php?rest_route=\/wp\/v2\/pages\/358\/revisions\/3400"}],"wp:attachment":[{"href":"https:\/\/tonspuren.org\/index.php?rest_route=%2Fwp%2Fv2%2Fmedia&parent=358"}],"curies":[{"name":"wp","href":"https:\/\/api.w.org\/{rel}","templated":true}]}}