{"id":352,"date":"2024-05-11T11:09:25","date_gmt":"2024-05-11T11:09:25","guid":{"rendered":"https:\/\/tonspuren.org\/?page_id=352"},"modified":"2024-10-29T11:02:17","modified_gmt":"2024-10-29T11:02:17","slug":"al-cook","status":"publish","type":"page","link":"https:\/\/tonspuren.org\/?page_id=352","title":{"rendered":"AL COOK TRIO"},"content":{"rendered":"\t\t<div data-elementor-type=\"wp-page\" data-elementor-id=\"352\" class=\"elementor elementor-352\">\n\t\t\t\t<div class=\"elementor-element elementor-element-ab90005 e-con-full e-flex e-con e-parent\" data-id=\"ab90005\" data-element_type=\"container\" data-e-type=\"container\">\n\t\t<div class=\"elementor-element elementor-element-18ecd13 e-con-full e-flex e-con e-child\" data-id=\"18ecd13\" data-element_type=\"container\" data-e-type=\"container\">\n\t\t\t\t<div class=\"elementor-element elementor-element-e183d81 elementor-widget__width-initial elementor-widget elementor-widget-image\" data-id=\"e183d81\" data-element_type=\"widget\" data-e-type=\"widget\" data-widget_type=\"image.default\">\n\t\t\t\t<div class=\"elementor-widget-container\">\n\t\t\t\t\t\t\t\t\t\t\t\t\t\t\t<img fetchpriority=\"high\" decoding=\"async\" width=\"600\" height=\"600\" src=\"https:\/\/tonspuren.org\/wp-content\/uploads\/2024\/05\/Al-Cook-Trio.jpg\" class=\"attachment-large size-large wp-image-92\" alt=\"\" srcset=\"https:\/\/tonspuren.org\/wp-content\/uploads\/2024\/05\/Al-Cook-Trio.jpg 600w, https:\/\/tonspuren.org\/wp-content\/uploads\/2024\/05\/Al-Cook-Trio-300x300.jpg 300w, https:\/\/tonspuren.org\/wp-content\/uploads\/2024\/05\/Al-Cook-Trio-150x150.jpg 150w\" sizes=\"(max-width: 600px) 100vw, 600px\" \/>\t\t\t\t\t\t\t\t\t\t\t\t\t\t\t<\/div>\n\t\t\t\t<\/div>\n\t\t\t\t<\/div>\n\t\t<div class=\"elementor-element elementor-element-254fd52 e-con-full e-flex e-con e-child\" data-id=\"254fd52\" data-element_type=\"container\" data-e-type=\"container\">\n\t\t\t\t<div class=\"elementor-element elementor-element-283bf9d2 elementor-widget__width-initial elementor-widget elementor-widget-text-editor\" data-id=\"283bf9d2\" data-element_type=\"widget\" data-e-type=\"widget\" data-widget_type=\"text-editor.default\">\n\t\t\t\t<div class=\"elementor-widget-container\">\n\t\t\t\t\t\t\t\t\t<p><\/p>\n<p><span style=\"color: #ffffff;\">Al Cook verk\u00f6rpert die Essenz der alten Bluesm\u00e4nner aus dem S\u00fcden der USA in seiner Musik und bringt die einzigartige Atmosph\u00e4re der alten Delta-Bluesst\u00fccke authentisch zum Ausdruck. <br>Zusammen mit den talentierten Musikern Harry Hudson am Schlagzeug und Charlie Lloyd am Klavier schafft er eine beeindruckende klangliche Einheit.<br><br><\/span><\/p>\n<p><span style=\"color: #ffffff;\"><\/span><\/p>\n<p><span style=\"color: #ffffff;\">F\u00fcr Al Cook ist der Blues keine verstaubte Reliquie, sondern ein lebendiges Genre, das immer zeitgem\u00e4\u00df bleiben sollte. Mit dieser \u00dcberzeugung hat der \u00f6sterreichische Bluespionier fast sechs Jahrzehnte lang an seiner musikalischen Karriere gearbeitet.<\/span><\/p>\n<p><span style=\"color: #ffffff;\"><\/span><\/p>\n<p><span style=\"color: #ffffff;\">Sein musikalisches Erbe wird durch Auszeichnungen wie das \u201eGoldene Verdienstzeichen des Landes Wien\u201c und das \u201eGoldene Ehrenzeichen f\u00fcr Verdienste um die Republik \u00d6sterreich\u201c gew\u00fcrdigt.&nbsp;<br><br><\/span><\/p>\n<p><span style=\"color: #ffffff;\"><\/span><\/p>\n<p><span style=\"color: #ffffff;\">Al Cooks Blues-Leidenschaft und Streben nach Innovation machen ihn zu einem wegweisenden K\u00fcnstler, der den Blues lebendig und relevant h\u00e4lt. <br>Mit fast sechs Jahrzehnten im Musikgesch\u00e4ft bleibt er ein inspirierendes Beispiel f\u00fcr k\u00fcnstlerische Hingabe.<\/span><\/p>\n<p><\/p>\t\t\t\t\t\t\t\t<\/div>\n\t\t\t\t<\/div>\n\t\t\t\t<\/div>\n\t\t\t\t<\/div>\n\t\t<div class=\"elementor-element elementor-element-80da1af e-con-full e-flex e-con e-parent\" data-id=\"80da1af\" data-element_type=\"container\" data-e-type=\"container\">\n\t\t\t\t<div class=\"elementor-element elementor-element-0c02d4b elementor-widget elementor-widget-button\" data-id=\"0c02d4b\" data-element_type=\"widget\" data-e-type=\"widget\" data-widget_type=\"button.default\">\n\t\t\t\t<div class=\"elementor-widget-container\">\n\t\t\t\t\t\t\t\t\t<div class=\"elementor-button-wrapper\">\n\t\t\t\t\t<a class=\"elementor-button elementor-button-link elementor-size-sm\" href=\"https:\/\/www.eventim-light.com\/at\/a\/65245179d546a07f2686e442\">\n\t\t\t\t\t\t<span class=\"elementor-button-content-wrapper\">\n\t\t\t\t\t\t<span class=\"elementor-button-icon\">\n\t\t\t\t<svg aria-hidden=\"true\" class=\"e-font-icon-svg e-fas-ticket-alt\" viewBox=\"0 0 576 512\" xmlns=\"http:\/\/www.w3.org\/2000\/svg\"><path d=\"M128 160h320v192H128V160zm400 96c0 26.51 21.49 48 48 48v96c0 26.51-21.49 48-48 48H48c-26.51 0-48-21.49-48-48v-96c26.51 0 48-21.49 48-48s-21.49-48-48-48v-96c0-26.51 21.49-48 48-48h480c26.51 0 48 21.49 48 48v96c-26.51 0-48 21.49-48 48zm-48-104c0-13.255-10.745-24-24-24H120c-13.255 0-24 10.745-24 24v208c0 13.255 10.745 24 24 24h336c13.255 0 24-10.745 24-24V152z\"><\/path><\/svg>\t\t\t<\/span>\n\t\t\t\t\t\t\t\t\t<span class=\"elementor-button-text\">Hier geht es zum Ticket Shop<\/span>\n\t\t\t\t\t<\/span>\n\t\t\t\t\t<\/a>\n\t\t\t\t<\/div>\n\t\t\t\t\t\t\t\t<\/div>\n\t\t\t\t<\/div>\n\t\t\t\t<\/div>\n\t\t\t\t<\/div>\n\t\t","protected":false},"excerpt":{"rendered":"<p>Al Cook verk\u00f6rpert die Essenz der alten Bluesm\u00e4nner aus dem S\u00fcden der USA in seiner Musik und bringt die.<\/p>\n","protected":false},"author":1,"featured_media":0,"parent":0,"menu_order":0,"comment_status":"closed","ping_status":"closed","template":"","meta":{"footnotes":""},"class_list":["post-352","page","type-page","status-publish","hentry"],"yoast_head":"<!-- This site is optimized with the Yoast SEO plugin v27.4 - https:\/\/yoast.com\/product\/yoast-seo-wordpress\/ -->\n<title>AL COOK TRIO - TONSPUREN 2026<\/title>\n<meta name=\"robots\" content=\"index, follow, max-snippet:-1, max-image-preview:large, max-video-preview:-1\" \/>\n<link rel=\"canonical\" href=\"https:\/\/tonspuren.org\/?page_id=352\" \/>\n<meta property=\"og:locale\" content=\"de_DE\" \/>\n<meta property=\"og:type\" content=\"article\" \/>\n<meta property=\"og:title\" content=\"AL COOK TRIO - TONSPUREN 2026\" \/>\n<meta property=\"og:description\" content=\"Al Cook verk\u00f6rpert die Essenz der alten Bluesm\u00e4nner aus dem S\u00fcden der USA in seiner Musik und bringt die.\" \/>\n<meta property=\"og:url\" content=\"https:\/\/tonspuren.org\/?page_id=352\" \/>\n<meta property=\"og:site_name\" content=\"TONSPUREN 2026\" \/>\n<meta property=\"article:publisher\" content=\"https:\/\/www.facebook.com\/profile.php?id=61550600819924&amp;locale=de_DE\" \/>\n<meta property=\"article:modified_time\" content=\"2024-10-29T11:02:17+00:00\" \/>\n<meta property=\"og:image\" content=\"https:\/\/tonspuren.org\/wp-content\/uploads\/2024\/05\/Al-Cook-Trio.jpg\" \/>\n\t<meta property=\"og:image:width\" content=\"600\" \/>\n\t<meta property=\"og:image:height\" content=\"600\" \/>\n\t<meta property=\"og:image:type\" content=\"image\/jpeg\" \/>\n<meta name=\"twitter:card\" content=\"summary_large_image\" \/>\n<meta name=\"twitter:label1\" content=\"Gesch\u00e4tzte Lesezeit\" \/>\n\t<meta name=\"twitter:data1\" content=\"1 Minute\" \/>\n<script type=\"application\/ld+json\" class=\"yoast-schema-graph\">{\"@context\":\"https:\\\/\\\/schema.org\",\"@graph\":[{\"@type\":\"WebPage\",\"@id\":\"https:\\\/\\\/tonspuren.org\\\/?page_id=352\",\"url\":\"https:\\\/\\\/tonspuren.org\\\/?page_id=352\",\"name\":\"AL COOK TRIO - TONSPUREN 2026\",\"isPartOf\":{\"@id\":\"https:\\\/\\\/tonspuren.org\\\/#website\"},\"primaryImageOfPage\":{\"@id\":\"https:\\\/\\\/tonspuren.org\\\/?page_id=352#primaryimage\"},\"image\":{\"@id\":\"https:\\\/\\\/tonspuren.org\\\/?page_id=352#primaryimage\"},\"thumbnailUrl\":\"https:\\\/\\\/tonspuren.org\\\/wp-content\\\/uploads\\\/2024\\\/05\\\/Al-Cook-Trio.jpg\",\"datePublished\":\"2024-05-11T11:09:25+00:00\",\"dateModified\":\"2024-10-29T11:02:17+00:00\",\"breadcrumb\":{\"@id\":\"https:\\\/\\\/tonspuren.org\\\/?page_id=352#breadcrumb\"},\"inLanguage\":\"de-AT\",\"potentialAction\":[{\"@type\":\"ReadAction\",\"target\":[\"https:\\\/\\\/tonspuren.org\\\/?page_id=352\"]}]},{\"@type\":\"ImageObject\",\"inLanguage\":\"de-AT\",\"@id\":\"https:\\\/\\\/tonspuren.org\\\/?page_id=352#primaryimage\",\"url\":\"https:\\\/\\\/tonspuren.org\\\/wp-content\\\/uploads\\\/2024\\\/05\\\/Al-Cook-Trio.jpg\",\"contentUrl\":\"https:\\\/\\\/tonspuren.org\\\/wp-content\\\/uploads\\\/2024\\\/05\\\/Al-Cook-Trio.jpg\",\"width\":600,\"height\":600},{\"@type\":\"BreadcrumbList\",\"@id\":\"https:\\\/\\\/tonspuren.org\\\/?page_id=352#breadcrumb\",\"itemListElement\":[{\"@type\":\"ListItem\",\"position\":1,\"name\":\"Startseite\",\"item\":\"https:\\\/\\\/tonspuren.org\\\/\"},{\"@type\":\"ListItem\",\"position\":2,\"name\":\"AL COOK TRIO\"}]},{\"@type\":\"WebSite\",\"@id\":\"https:\\\/\\\/tonspuren.org\\\/#website\",\"url\":\"https:\\\/\\\/tonspuren.org\\\/\",\"name\":\"TONSPUREN 2024\",\"description\":\"Verein zur F\u00f6rderung von Kunst und Kultur\",\"publisher\":{\"@id\":\"https:\\\/\\\/tonspuren.org\\\/#organization\"},\"potentialAction\":[{\"@type\":\"SearchAction\",\"target\":{\"@type\":\"EntryPoint\",\"urlTemplate\":\"https:\\\/\\\/tonspuren.org\\\/?s={search_term_string}\"},\"query-input\":{\"@type\":\"PropertyValueSpecification\",\"valueRequired\":true,\"valueName\":\"search_term_string\"}}],\"inLanguage\":\"de-AT\"},{\"@type\":\"Organization\",\"@id\":\"https:\\\/\\\/tonspuren.org\\\/#organization\",\"name\":\"TONSPUREN 2024\",\"url\":\"https:\\\/\\\/tonspuren.org\\\/\",\"logo\":{\"@type\":\"ImageObject\",\"inLanguage\":\"de-AT\",\"@id\":\"https:\\\/\\\/tonspuren.org\\\/#\\\/schema\\\/logo\\\/image\\\/\",\"url\":\"https:\\\/\\\/tonspuren.org\\\/wp-content\\\/uploads\\\/2024\\\/05\\\/Dein-Abschnittstext.png\",\"contentUrl\":\"https:\\\/\\\/tonspuren.org\\\/wp-content\\\/uploads\\\/2024\\\/05\\\/Dein-Abschnittstext.png\",\"width\":1748,\"height\":1240,\"caption\":\"TONSPUREN 2024\"},\"image\":{\"@id\":\"https:\\\/\\\/tonspuren.org\\\/#\\\/schema\\\/logo\\\/image\\\/\"},\"sameAs\":[\"https:\\\/\\\/www.facebook.com\\\/profile.php?id=61550600819924&locale=de_DE\"]}]}<\/script>\n<!-- \/ Yoast SEO plugin. -->","yoast_head_json":{"title":"AL COOK TRIO - TONSPUREN 2026","robots":{"index":"index","follow":"follow","max-snippet":"max-snippet:-1","max-image-preview":"max-image-preview:large","max-video-preview":"max-video-preview:-1"},"canonical":"https:\/\/tonspuren.org\/?page_id=352","og_locale":"de_DE","og_type":"article","og_title":"AL COOK TRIO - TONSPUREN 2026","og_description":"Al Cook verk\u00f6rpert die Essenz der alten Bluesm\u00e4nner aus dem S\u00fcden der USA in seiner Musik und bringt die.","og_url":"https:\/\/tonspuren.org\/?page_id=352","og_site_name":"TONSPUREN 2026","article_publisher":"https:\/\/www.facebook.com\/profile.php?id=61550600819924&locale=de_DE","article_modified_time":"2024-10-29T11:02:17+00:00","og_image":[{"width":600,"height":600,"url":"https:\/\/tonspuren.org\/wp-content\/uploads\/2024\/05\/Al-Cook-Trio.jpg","type":"image\/jpeg"}],"twitter_card":"summary_large_image","twitter_misc":{"Gesch\u00e4tzte Lesezeit":"1 Minute"},"schema":{"@context":"https:\/\/schema.org","@graph":[{"@type":"WebPage","@id":"https:\/\/tonspuren.org\/?page_id=352","url":"https:\/\/tonspuren.org\/?page_id=352","name":"AL COOK TRIO - TONSPUREN 2026","isPartOf":{"@id":"https:\/\/tonspuren.org\/#website"},"primaryImageOfPage":{"@id":"https:\/\/tonspuren.org\/?page_id=352#primaryimage"},"image":{"@id":"https:\/\/tonspuren.org\/?page_id=352#primaryimage"},"thumbnailUrl":"https:\/\/tonspuren.org\/wp-content\/uploads\/2024\/05\/Al-Cook-Trio.jpg","datePublished":"2024-05-11T11:09:25+00:00","dateModified":"2024-10-29T11:02:17+00:00","breadcrumb":{"@id":"https:\/\/tonspuren.org\/?page_id=352#breadcrumb"},"inLanguage":"de-AT","potentialAction":[{"@type":"ReadAction","target":["https:\/\/tonspuren.org\/?page_id=352"]}]},{"@type":"ImageObject","inLanguage":"de-AT","@id":"https:\/\/tonspuren.org\/?page_id=352#primaryimage","url":"https:\/\/tonspuren.org\/wp-content\/uploads\/2024\/05\/Al-Cook-Trio.jpg","contentUrl":"https:\/\/tonspuren.org\/wp-content\/uploads\/2024\/05\/Al-Cook-Trio.jpg","width":600,"height":600},{"@type":"BreadcrumbList","@id":"https:\/\/tonspuren.org\/?page_id=352#breadcrumb","itemListElement":[{"@type":"ListItem","position":1,"name":"Startseite","item":"https:\/\/tonspuren.org\/"},{"@type":"ListItem","position":2,"name":"AL COOK TRIO"}]},{"@type":"WebSite","@id":"https:\/\/tonspuren.org\/#website","url":"https:\/\/tonspuren.org\/","name":"TONSPUREN 2024","description":"Verein zur F\u00f6rderung von Kunst und Kultur","publisher":{"@id":"https:\/\/tonspuren.org\/#organization"},"potentialAction":[{"@type":"SearchAction","target":{"@type":"EntryPoint","urlTemplate":"https:\/\/tonspuren.org\/?s={search_term_string}"},"query-input":{"@type":"PropertyValueSpecification","valueRequired":true,"valueName":"search_term_string"}}],"inLanguage":"de-AT"},{"@type":"Organization","@id":"https:\/\/tonspuren.org\/#organization","name":"TONSPUREN 2024","url":"https:\/\/tonspuren.org\/","logo":{"@type":"ImageObject","inLanguage":"de-AT","@id":"https:\/\/tonspuren.org\/#\/schema\/logo\/image\/","url":"https:\/\/tonspuren.org\/wp-content\/uploads\/2024\/05\/Dein-Abschnittstext.png","contentUrl":"https:\/\/tonspuren.org\/wp-content\/uploads\/2024\/05\/Dein-Abschnittstext.png","width":1748,"height":1240,"caption":"TONSPUREN 2024"},"image":{"@id":"https:\/\/tonspuren.org\/#\/schema\/logo\/image\/"},"sameAs":["https:\/\/www.facebook.com\/profile.php?id=61550600819924&locale=de_DE"]}]}},"_links":{"self":[{"href":"https:\/\/tonspuren.org\/index.php?rest_route=\/wp\/v2\/pages\/352","targetHints":{"allow":["GET"]}}],"collection":[{"href":"https:\/\/tonspuren.org\/index.php?rest_route=\/wp\/v2\/pages"}],"about":[{"href":"https:\/\/tonspuren.org\/index.php?rest_route=\/wp\/v2\/types\/page"}],"author":[{"embeddable":true,"href":"https:\/\/tonspuren.org\/index.php?rest_route=\/wp\/v2\/users\/1"}],"replies":[{"embeddable":true,"href":"https:\/\/tonspuren.org\/index.php?rest_route=%2Fwp%2Fv2%2Fcomments&post=352"}],"version-history":[{"count":79,"href":"https:\/\/tonspuren.org\/index.php?rest_route=\/wp\/v2\/pages\/352\/revisions"}],"predecessor-version":[{"id":3385,"href":"https:\/\/tonspuren.org\/index.php?rest_route=\/wp\/v2\/pages\/352\/revisions\/3385"}],"wp:attachment":[{"href":"https:\/\/tonspuren.org\/index.php?rest_route=%2Fwp%2Fv2%2Fmedia&parent=352"}],"curies":[{"name":"wp","href":"https:\/\/api.w.org\/{rel}","templated":true}]}}