{"id":334,"date":"2024-05-11T10:56:42","date_gmt":"2024-05-11T10:56:42","guid":{"rendered":"https:\/\/tonspuren.org\/?page_id=334"},"modified":"2024-05-21T10:35:05","modified_gmt":"2024-05-21T10:35:05","slug":"joschi-schneeberger-swingtet","status":"publish","type":"page","link":"https:\/\/tonspuren.org\/?page_id=334","title":{"rendered":"Joschi Schneeberger Swingtet"},"content":{"rendered":"\t\t<div data-elementor-type=\"wp-page\" data-elementor-id=\"334\" class=\"elementor elementor-334\">\n\t\t\t\t<div class=\"elementor-element elementor-element-c33934c e-flex e-con-boxed e-con e-parent\" data-id=\"c33934c\" data-element_type=\"container\" data-e-type=\"container\">\n\t\t\t\t\t<div class=\"e-con-inner\">\n\t\t<div class=\"elementor-element elementor-element-96a711f e-con-full e-flex e-con e-child\" data-id=\"96a711f\" data-element_type=\"container\" data-e-type=\"container\">\n\t\t\t\t<div class=\"elementor-element elementor-element-a5c5381 elementor-widget__width-initial elementor-widget elementor-widget-image\" data-id=\"a5c5381\" data-element_type=\"widget\" data-e-type=\"widget\" data-widget_type=\"image.default\">\n\t\t\t\t<div class=\"elementor-widget-container\">\n\t\t\t\t\t\t\t\t\t\t\t\t\t\t\t<img fetchpriority=\"high\" decoding=\"async\" width=\"1024\" height=\"1024\" src=\"https:\/\/tonspuren.org\/wp-content\/uploads\/2024\/05\/Joschi_Schneeberger_Portraet-1024x1024.jpg\" class=\"attachment-large size-large wp-image-91\" alt=\"\" srcset=\"https:\/\/tonspuren.org\/wp-content\/uploads\/2024\/05\/Joschi_Schneeberger_Portraet-1024x1024.jpg 1024w, https:\/\/tonspuren.org\/wp-content\/uploads\/2024\/05\/Joschi_Schneeberger_Portraet-300x300.jpg 300w, https:\/\/tonspuren.org\/wp-content\/uploads\/2024\/05\/Joschi_Schneeberger_Portraet-150x150.jpg 150w, https:\/\/tonspuren.org\/wp-content\/uploads\/2024\/05\/Joschi_Schneeberger_Portraet-768x768.jpg 768w, https:\/\/tonspuren.org\/wp-content\/uploads\/2024\/05\/Joschi_Schneeberger_Portraet-1536x1536.jpg 1536w, https:\/\/tonspuren.org\/wp-content\/uploads\/2024\/05\/Joschi_Schneeberger_Portraet.jpg 2000w\" sizes=\"(max-width: 1024px) 100vw, 1024px\" \/>\t\t\t\t\t\t\t\t\t\t\t\t\t\t\t<\/div>\n\t\t\t\t<\/div>\n\t\t\t\t<\/div>\n\t\t<div class=\"elementor-element elementor-element-4b833a3 e-con-full e-flex e-con e-child\" data-id=\"4b833a3\" data-element_type=\"container\" data-e-type=\"container\">\n\t\t\t\t<div class=\"elementor-element elementor-element-3818d89f elementor-widget__width-initial elementor-widget elementor-widget-text-editor\" data-id=\"3818d89f\" data-element_type=\"widget\" data-e-type=\"widget\" data-widget_type=\"text-editor.default\">\n\t\t\t\t<div class=\"elementor-widget-container\">\n\t\t\t\t\t\t\t\t\t<p><\/p>\n<p><span style=\"color: #ffffff;\">Der aus einer Wiener Sinti Familie stammende Joschi Schneeberger ist sowohl national&nbsp;<\/span><span style=\"color: #ffffff;\">als auch international in den verschiedensten stilistischen Richtungen unterwegs,<\/span><br><span style=\"color: #ffffff;\">seine musikalischen Wurzeln aber liegen im Gypsy Swing.<\/span><\/p>\n<p><span style=\"color: #ffffff;\"><\/span><\/p>\n<p><span style=\"color: #ffffff;\">Neben zahlreichen heimischen und internationalen Jazzgr\u00f6\u00dfen arbeitete er daher auch immer wieder mit so bedeutenden Gypsy Jazz Musikern wie Bireli Lagrene, <br>Costa Lukacs, H\u00e4ns`che Weiss,&nbsp;<\/span><span style=\"color: #ffffff;\">Karl Ratzer, Joscho Stephan, Sandro Roy, Gismo und Joschi Graf, Harri Stojka, Ismael Reinhardt, Zipflo und Joschi Weinrich <br>und seinem Sohn Diknu Schneeberger zusammen!<\/span><\/p>\n<p><\/p>\n<p><span style=\"color: #ffffff;\"><\/span><\/p>\n<p><span style=\"color: #ffffff;\">Christian Havel \u2013 Sologitarre<\/span><br class=\"\"><span style=\"color: #ffffff;\">Buku Weinrich \u2013 Rhythmusgitarre<\/span><br class=\"\"><span style=\"color: #ffffff;\">Joschi Schneeberger \u2013 Bass<\/span><\/p>\n<p><span style=\"color: #ffffff;\"><\/span><\/p>\n<p><span style=\"color: #ffffff;\">Das Trio spielt die bekannten Gypsy Jazz Klassiker, genretypische Eigenkompositionen und&nbsp;<\/span><span style=\"color: #ffffff;\">Djangos Reinhardt sch\u00f6nste Kompositionen.<\/span><\/p>\n<p><\/p>\t\t\t\t\t\t\t\t<\/div>\n\t\t\t\t<\/div>\n\t\t\t\t<\/div>\n\t\t\t\t\t<\/div>\n\t\t\t\t<\/div>\n\t\t\t\t<\/div>\n\t\t","protected":false},"excerpt":{"rendered":"<p>Der aus einer Wiener Sinti Familie stammende Joschi Schneeberger ist sowohl national&nbsp;als auch international in den verschiedensten stilistischen Richtungen.<\/p>\n","protected":false},"author":1,"featured_media":0,"parent":0,"menu_order":0,"comment_status":"closed","ping_status":"closed","template":"","meta":{"footnotes":""},"class_list":["post-334","page","type-page","status-publish","hentry"],"yoast_head":"<!-- This site is optimized with the Yoast SEO plugin v27.4 - https:\/\/yoast.com\/product\/yoast-seo-wordpress\/ -->\n<title>Joschi Schneeberger Swingtet - TONSPUREN 2026<\/title>\n<meta name=\"robots\" content=\"index, follow, max-snippet:-1, max-image-preview:large, max-video-preview:-1\" \/>\n<link rel=\"canonical\" href=\"https:\/\/tonspuren.org\/?page_id=334\" \/>\n<meta property=\"og:locale\" content=\"de_DE\" \/>\n<meta property=\"og:type\" content=\"article\" \/>\n<meta property=\"og:title\" content=\"Joschi Schneeberger Swingtet - TONSPUREN 2026\" \/>\n<meta property=\"og:description\" content=\"Der aus einer Wiener Sinti Familie stammende Joschi Schneeberger ist sowohl national&nbsp;als auch international in den verschiedensten stilistischen Richtungen.\" \/>\n<meta property=\"og:url\" content=\"https:\/\/tonspuren.org\/?page_id=334\" \/>\n<meta property=\"og:site_name\" content=\"TONSPUREN 2026\" \/>\n<meta property=\"article:publisher\" content=\"https:\/\/www.facebook.com\/profile.php?id=61550600819924&amp;locale=de_DE\" \/>\n<meta property=\"article:modified_time\" content=\"2024-05-21T10:35:05+00:00\" \/>\n<meta property=\"og:image\" content=\"https:\/\/tonspuren.org\/wp-content\/uploads\/2024\/05\/Joschi_Schneeberger_Portraet-1024x1024.jpg\" \/>\n<meta name=\"twitter:card\" content=\"summary_large_image\" \/>\n<meta name=\"twitter:label1\" content=\"Gesch\u00e4tzte Lesezeit\" \/>\n\t<meta name=\"twitter:data1\" content=\"1 Minute\" \/>\n<script type=\"application\/ld+json\" class=\"yoast-schema-graph\">{\"@context\":\"https:\\\/\\\/schema.org\",\"@graph\":[{\"@type\":\"WebPage\",\"@id\":\"https:\\\/\\\/tonspuren.org\\\/?page_id=334\",\"url\":\"https:\\\/\\\/tonspuren.org\\\/?page_id=334\",\"name\":\"Joschi Schneeberger Swingtet - TONSPUREN 2026\",\"isPartOf\":{\"@id\":\"https:\\\/\\\/tonspuren.org\\\/#website\"},\"primaryImageOfPage\":{\"@id\":\"https:\\\/\\\/tonspuren.org\\\/?page_id=334#primaryimage\"},\"image\":{\"@id\":\"https:\\\/\\\/tonspuren.org\\\/?page_id=334#primaryimage\"},\"thumbnailUrl\":\"https:\\\/\\\/tonspuren.org\\\/wp-content\\\/uploads\\\/2024\\\/05\\\/Joschi_Schneeberger_Portraet-1024x1024.jpg\",\"datePublished\":\"2024-05-11T10:56:42+00:00\",\"dateModified\":\"2024-05-21T10:35:05+00:00\",\"breadcrumb\":{\"@id\":\"https:\\\/\\\/tonspuren.org\\\/?page_id=334#breadcrumb\"},\"inLanguage\":\"de-AT\",\"potentialAction\":[{\"@type\":\"ReadAction\",\"target\":[\"https:\\\/\\\/tonspuren.org\\\/?page_id=334\"]}]},{\"@type\":\"ImageObject\",\"inLanguage\":\"de-AT\",\"@id\":\"https:\\\/\\\/tonspuren.org\\\/?page_id=334#primaryimage\",\"url\":\"https:\\\/\\\/tonspuren.org\\\/wp-content\\\/uploads\\\/2024\\\/05\\\/Joschi_Schneeberger_Portraet.jpg\",\"contentUrl\":\"https:\\\/\\\/tonspuren.org\\\/wp-content\\\/uploads\\\/2024\\\/05\\\/Joschi_Schneeberger_Portraet.jpg\",\"width\":2000,\"height\":2000},{\"@type\":\"BreadcrumbList\",\"@id\":\"https:\\\/\\\/tonspuren.org\\\/?page_id=334#breadcrumb\",\"itemListElement\":[{\"@type\":\"ListItem\",\"position\":1,\"name\":\"Startseite\",\"item\":\"https:\\\/\\\/tonspuren.org\\\/\"},{\"@type\":\"ListItem\",\"position\":2,\"name\":\"Joschi Schneeberger Swingtet\"}]},{\"@type\":\"WebSite\",\"@id\":\"https:\\\/\\\/tonspuren.org\\\/#website\",\"url\":\"https:\\\/\\\/tonspuren.org\\\/\",\"name\":\"TONSPUREN 2024\",\"description\":\"Verein zur F\u00f6rderung von Kunst und Kultur\",\"publisher\":{\"@id\":\"https:\\\/\\\/tonspuren.org\\\/#organization\"},\"potentialAction\":[{\"@type\":\"SearchAction\",\"target\":{\"@type\":\"EntryPoint\",\"urlTemplate\":\"https:\\\/\\\/tonspuren.org\\\/?s={search_term_string}\"},\"query-input\":{\"@type\":\"PropertyValueSpecification\",\"valueRequired\":true,\"valueName\":\"search_term_string\"}}],\"inLanguage\":\"de-AT\"},{\"@type\":\"Organization\",\"@id\":\"https:\\\/\\\/tonspuren.org\\\/#organization\",\"name\":\"TONSPUREN 2024\",\"url\":\"https:\\\/\\\/tonspuren.org\\\/\",\"logo\":{\"@type\":\"ImageObject\",\"inLanguage\":\"de-AT\",\"@id\":\"https:\\\/\\\/tonspuren.org\\\/#\\\/schema\\\/logo\\\/image\\\/\",\"url\":\"https:\\\/\\\/tonspuren.org\\\/wp-content\\\/uploads\\\/2024\\\/05\\\/Dein-Abschnittstext.png\",\"contentUrl\":\"https:\\\/\\\/tonspuren.org\\\/wp-content\\\/uploads\\\/2024\\\/05\\\/Dein-Abschnittstext.png\",\"width\":1748,\"height\":1240,\"caption\":\"TONSPUREN 2024\"},\"image\":{\"@id\":\"https:\\\/\\\/tonspuren.org\\\/#\\\/schema\\\/logo\\\/image\\\/\"},\"sameAs\":[\"https:\\\/\\\/www.facebook.com\\\/profile.php?id=61550600819924&locale=de_DE\"]}]}<\/script>\n<!-- \/ Yoast SEO plugin. -->","yoast_head_json":{"title":"Joschi Schneeberger Swingtet - TONSPUREN 2026","robots":{"index":"index","follow":"follow","max-snippet":"max-snippet:-1","max-image-preview":"max-image-preview:large","max-video-preview":"max-video-preview:-1"},"canonical":"https:\/\/tonspuren.org\/?page_id=334","og_locale":"de_DE","og_type":"article","og_title":"Joschi Schneeberger Swingtet - TONSPUREN 2026","og_description":"Der aus einer Wiener Sinti Familie stammende Joschi Schneeberger ist sowohl national&nbsp;als auch international in den verschiedensten stilistischen Richtungen.","og_url":"https:\/\/tonspuren.org\/?page_id=334","og_site_name":"TONSPUREN 2026","article_publisher":"https:\/\/www.facebook.com\/profile.php?id=61550600819924&locale=de_DE","article_modified_time":"2024-05-21T10:35:05+00:00","og_image":[{"url":"https:\/\/tonspuren.org\/wp-content\/uploads\/2024\/05\/Joschi_Schneeberger_Portraet-1024x1024.jpg","type":"","width":"","height":""}],"twitter_card":"summary_large_image","twitter_misc":{"Gesch\u00e4tzte Lesezeit":"1 Minute"},"schema":{"@context":"https:\/\/schema.org","@graph":[{"@type":"WebPage","@id":"https:\/\/tonspuren.org\/?page_id=334","url":"https:\/\/tonspuren.org\/?page_id=334","name":"Joschi Schneeberger Swingtet - TONSPUREN 2026","isPartOf":{"@id":"https:\/\/tonspuren.org\/#website"},"primaryImageOfPage":{"@id":"https:\/\/tonspuren.org\/?page_id=334#primaryimage"},"image":{"@id":"https:\/\/tonspuren.org\/?page_id=334#primaryimage"},"thumbnailUrl":"https:\/\/tonspuren.org\/wp-content\/uploads\/2024\/05\/Joschi_Schneeberger_Portraet-1024x1024.jpg","datePublished":"2024-05-11T10:56:42+00:00","dateModified":"2024-05-21T10:35:05+00:00","breadcrumb":{"@id":"https:\/\/tonspuren.org\/?page_id=334#breadcrumb"},"inLanguage":"de-AT","potentialAction":[{"@type":"ReadAction","target":["https:\/\/tonspuren.org\/?page_id=334"]}]},{"@type":"ImageObject","inLanguage":"de-AT","@id":"https:\/\/tonspuren.org\/?page_id=334#primaryimage","url":"https:\/\/tonspuren.org\/wp-content\/uploads\/2024\/05\/Joschi_Schneeberger_Portraet.jpg","contentUrl":"https:\/\/tonspuren.org\/wp-content\/uploads\/2024\/05\/Joschi_Schneeberger_Portraet.jpg","width":2000,"height":2000},{"@type":"BreadcrumbList","@id":"https:\/\/tonspuren.org\/?page_id=334#breadcrumb","itemListElement":[{"@type":"ListItem","position":1,"name":"Startseite","item":"https:\/\/tonspuren.org\/"},{"@type":"ListItem","position":2,"name":"Joschi Schneeberger Swingtet"}]},{"@type":"WebSite","@id":"https:\/\/tonspuren.org\/#website","url":"https:\/\/tonspuren.org\/","name":"TONSPUREN 2024","description":"Verein zur F\u00f6rderung von Kunst und Kultur","publisher":{"@id":"https:\/\/tonspuren.org\/#organization"},"potentialAction":[{"@type":"SearchAction","target":{"@type":"EntryPoint","urlTemplate":"https:\/\/tonspuren.org\/?s={search_term_string}"},"query-input":{"@type":"PropertyValueSpecification","valueRequired":true,"valueName":"search_term_string"}}],"inLanguage":"de-AT"},{"@type":"Organization","@id":"https:\/\/tonspuren.org\/#organization","name":"TONSPUREN 2024","url":"https:\/\/tonspuren.org\/","logo":{"@type":"ImageObject","inLanguage":"de-AT","@id":"https:\/\/tonspuren.org\/#\/schema\/logo\/image\/","url":"https:\/\/tonspuren.org\/wp-content\/uploads\/2024\/05\/Dein-Abschnittstext.png","contentUrl":"https:\/\/tonspuren.org\/wp-content\/uploads\/2024\/05\/Dein-Abschnittstext.png","width":1748,"height":1240,"caption":"TONSPUREN 2024"},"image":{"@id":"https:\/\/tonspuren.org\/#\/schema\/logo\/image\/"},"sameAs":["https:\/\/www.facebook.com\/profile.php?id=61550600819924&locale=de_DE"]}]}},"_links":{"self":[{"href":"https:\/\/tonspuren.org\/index.php?rest_route=\/wp\/v2\/pages\/334","targetHints":{"allow":["GET"]}}],"collection":[{"href":"https:\/\/tonspuren.org\/index.php?rest_route=\/wp\/v2\/pages"}],"about":[{"href":"https:\/\/tonspuren.org\/index.php?rest_route=\/wp\/v2\/types\/page"}],"author":[{"embeddable":true,"href":"https:\/\/tonspuren.org\/index.php?rest_route=\/wp\/v2\/users\/1"}],"replies":[{"embeddable":true,"href":"https:\/\/tonspuren.org\/index.php?rest_route=%2Fwp%2Fv2%2Fcomments&post=334"}],"version-history":[{"count":13,"href":"https:\/\/tonspuren.org\/index.php?rest_route=\/wp\/v2\/pages\/334\/revisions"}],"predecessor-version":[{"id":1016,"href":"https:\/\/tonspuren.org\/index.php?rest_route=\/wp\/v2\/pages\/334\/revisions\/1016"}],"wp:attachment":[{"href":"https:\/\/tonspuren.org\/index.php?rest_route=%2Fwp%2Fv2%2Fmedia&parent=334"}],"curies":[{"name":"wp","href":"https:\/\/api.w.org\/{rel}","templated":true}]}}