{"id":239,"date":"2024-05-10T10:59:09","date_gmt":"2024-05-10T10:59:09","guid":{"rendered":"https:\/\/tonspuren.org\/?page_id=239"},"modified":"2024-05-20T16:11:30","modified_gmt":"2024-05-20T16:11:30","slug":"der-nino-aus-wien","status":"publish","type":"page","link":"https:\/\/tonspuren.org\/?page_id=239","title":{"rendered":"Der Nino aus Wien"},"content":{"rendered":"\t\t<div data-elementor-type=\"wp-page\" data-elementor-id=\"239\" class=\"elementor elementor-239\">\n\t\t\t\t<div class=\"elementor-element elementor-element-6c53e42 e-flex e-con-boxed e-con e-parent\" data-id=\"6c53e42\" data-element_type=\"container\" data-e-type=\"container\">\n\t\t\t\t\t<div class=\"e-con-inner\">\n\t\t<div class=\"elementor-element elementor-element-fb1f8a8 e-con-full e-flex e-con e-child\" data-id=\"fb1f8a8\" data-element_type=\"container\" data-e-type=\"container\">\n\t\t\t\t<div class=\"elementor-element elementor-element-e0317d3 elementor-widget__width-initial elementor-widget elementor-widget-image\" data-id=\"e0317d3\" data-element_type=\"widget\" data-e-type=\"widget\" data-widget_type=\"image.default\">\n\t\t\t\t<div class=\"elementor-widget-container\">\n\t\t\t\t\t\t\t\t\t\t\t\t\t\t\t<img fetchpriority=\"high\" decoding=\"async\" width=\"768\" height=\"1024\" src=\"https:\/\/tonspuren.org\/wp-content\/uploads\/2024\/05\/DerNinoAusWien_Foto_Michael_Liebert-2-1-768x1024.jpg\" class=\"attachment-large size-large wp-image-242\" alt=\"\" srcset=\"https:\/\/tonspuren.org\/wp-content\/uploads\/2024\/05\/DerNinoAusWien_Foto_Michael_Liebert-2-1-768x1024.jpg 768w, https:\/\/tonspuren.org\/wp-content\/uploads\/2024\/05\/DerNinoAusWien_Foto_Michael_Liebert-2-1-225x300.jpg 225w, https:\/\/tonspuren.org\/wp-content\/uploads\/2024\/05\/DerNinoAusWien_Foto_Michael_Liebert-2-1-1152x1536.jpg 1152w, https:\/\/tonspuren.org\/wp-content\/uploads\/2024\/05\/DerNinoAusWien_Foto_Michael_Liebert-2-1-1536x2048.jpg 1536w, https:\/\/tonspuren.org\/wp-content\/uploads\/2024\/05\/DerNinoAusWien_Foto_Michael_Liebert-2-1-scaled.jpg 1920w\" sizes=\"(max-width: 768px) 100vw, 768px\" \/>\t\t\t\t\t\t\t\t\t\t\t\t\t\t\t<\/div>\n\t\t\t\t<\/div>\n\t\t\t\t<\/div>\n\t\t<div class=\"elementor-element elementor-element-19cedf1 e-con-full e-flex e-con e-child\" data-id=\"19cedf1\" data-element_type=\"container\" data-e-type=\"container\">\n\t\t\t\t<div class=\"elementor-element elementor-element-43c6d633 elementor-widget elementor-widget-text-editor\" data-id=\"43c6d633\" data-element_type=\"widget\" data-e-type=\"widget\" data-widget_type=\"text-editor.default\">\n\t\t\t\t<div class=\"elementor-widget-container\">\n\t\t\t\t\t\t\t\t\t<p><\/p>\n<p><span style=\"color: #ffffff;\">Der \u00f6sterreichische Liedermacher und Literat pr\u00e4gt die deutschsprachige Musikszene mit<\/span><br \/><span style=\"color: #ffffff;\">seiner ureigenen Form des &#8222;Wienerlieds&#8220; und seinem &#8222;Hirschstettner Soul&#8220;.<\/span><br \/><span style=\"color: #ffffff;\">Als &#8222;bester junger Liedermacher des Landes&#8220; und &#8222;Bob Dylan vom Praterstern&#8220; <br \/>wurde er vom\u00a0<\/span><span style=\"color: #ffffff;\">Falter betitelt.<\/span><br \/><span style=\"color: #ffffff;\">Nino spielt an die 100 Konzerte pro Jahr quer verteilt im deutschsprachigen Raum, <br \/>vom\u00a0<\/span><span style=\"color: #ffffff;\">Wiener Konzerthaus bis hin zur Hamburger Elbphilharmonie.<\/span><br \/><span style=\"color: #ffffff;\">Er wurde bereits mehr als sieben Mal f\u00fcr den &#8222;Amadeus Austrian Music Award&#8220; nominiert<\/span><br \/><span style=\"color: #ffffff;\">und 2016 in der Kategorie &#8222;Alternative Pop \/ Rock&#8220; ausgezeichnet. <br \/>Er erreichte zahlreiche\u00a0<\/span><span style=\"color: #ffffff;\">Chartplatzierungen und mehrere Nummer-eins-Hits in den FM4-Charts.<\/span><br \/><span style=\"color: #ffffff;\">Nino Mandel (Gitarre, Gesang)<\/span><\/p>\n<p><\/p>\t\t\t\t\t\t\t\t<\/div>\n\t\t\t\t<\/div>\n\t\t\t\t<\/div>\n\t\t\t\t\t<\/div>\n\t\t\t\t<\/div>\n\t\t\t\t<\/div>\n\t\t","protected":false},"excerpt":{"rendered":"<p>Der \u00f6sterreichische Liedermacher und Literat pr\u00e4gt die deutschsprachige Musikszene mitseiner ureigenen Form des &#8222;Wienerlieds&#8220; und seinem &#8222;Hirschstettner Soul&#8220;.Als &#8222;bester.<\/p>\n","protected":false},"author":1,"featured_media":0,"parent":0,"menu_order":0,"comment_status":"closed","ping_status":"closed","template":"","meta":{"footnotes":""},"class_list":["post-239","page","type-page","status-publish","hentry"],"yoast_head":"<!-- This site is optimized with the Yoast SEO plugin v27.4 - https:\/\/yoast.com\/product\/yoast-seo-wordpress\/ -->\n<title>Der Nino aus Wien - TONSPUREN 2026<\/title>\n<meta name=\"robots\" content=\"index, follow, max-snippet:-1, max-image-preview:large, max-video-preview:-1\" \/>\n<link rel=\"canonical\" href=\"https:\/\/tonspuren.org\/?page_id=239\" \/>\n<meta property=\"og:locale\" content=\"de_DE\" \/>\n<meta property=\"og:type\" content=\"article\" \/>\n<meta property=\"og:title\" content=\"Der Nino aus Wien - TONSPUREN 2026\" \/>\n<meta property=\"og:description\" content=\"Der \u00f6sterreichische Liedermacher und Literat pr\u00e4gt die deutschsprachige Musikszene mitseiner ureigenen Form des &#8222;Wienerlieds&#8220; und seinem &#8222;Hirschstettner Soul&#8220;.Als &#8222;bester.\" \/>\n<meta property=\"og:url\" content=\"https:\/\/tonspuren.org\/?page_id=239\" \/>\n<meta property=\"og:site_name\" content=\"TONSPUREN 2026\" \/>\n<meta property=\"article:publisher\" content=\"https:\/\/www.facebook.com\/profile.php?id=61550600819924&amp;locale=de_DE\" \/>\n<meta property=\"article:modified_time\" content=\"2024-05-20T16:11:30+00:00\" \/>\n<meta property=\"og:image\" content=\"https:\/\/tonspuren.org\/wp-content\/uploads\/2024\/05\/DerNinoAusWien_Foto_Michael_Liebert-2-1-768x1024.jpg\" \/>\n<meta name=\"twitter:card\" content=\"summary_large_image\" \/>\n<script type=\"application\/ld+json\" class=\"yoast-schema-graph\">{\"@context\":\"https:\\\/\\\/schema.org\",\"@graph\":[{\"@type\":\"WebPage\",\"@id\":\"https:\\\/\\\/tonspuren.org\\\/?page_id=239\",\"url\":\"https:\\\/\\\/tonspuren.org\\\/?page_id=239\",\"name\":\"Der Nino aus Wien - TONSPUREN 2026\",\"isPartOf\":{\"@id\":\"https:\\\/\\\/tonspuren.org\\\/#website\"},\"primaryImageOfPage\":{\"@id\":\"https:\\\/\\\/tonspuren.org\\\/?page_id=239#primaryimage\"},\"image\":{\"@id\":\"https:\\\/\\\/tonspuren.org\\\/?page_id=239#primaryimage\"},\"thumbnailUrl\":\"https:\\\/\\\/tonspuren.org\\\/wp-content\\\/uploads\\\/2024\\\/05\\\/DerNinoAusWien_Foto_Michael_Liebert-2-1-768x1024.jpg\",\"datePublished\":\"2024-05-10T10:59:09+00:00\",\"dateModified\":\"2024-05-20T16:11:30+00:00\",\"breadcrumb\":{\"@id\":\"https:\\\/\\\/tonspuren.org\\\/?page_id=239#breadcrumb\"},\"inLanguage\":\"de-AT\",\"potentialAction\":[{\"@type\":\"ReadAction\",\"target\":[\"https:\\\/\\\/tonspuren.org\\\/?page_id=239\"]}]},{\"@type\":\"ImageObject\",\"inLanguage\":\"de-AT\",\"@id\":\"https:\\\/\\\/tonspuren.org\\\/?page_id=239#primaryimage\",\"url\":\"https:\\\/\\\/tonspuren.org\\\/wp-content\\\/uploads\\\/2024\\\/05\\\/DerNinoAusWien_Foto_Michael_Liebert-2-1-scaled.jpg\",\"contentUrl\":\"https:\\\/\\\/tonspuren.org\\\/wp-content\\\/uploads\\\/2024\\\/05\\\/DerNinoAusWien_Foto_Michael_Liebert-2-1-scaled.jpg\",\"width\":1920,\"height\":2560,\"caption\":\"Abdruck unter Angabe des Fotocredits. Die Verwendung f\u00fcr Verkaufswaren laut Vereinbarung. Die Werbung f\u00fcr Dritte ist honorarpflichtig und bedarf der vorherigen ausdr\u00fccklichen Zustimmung von Michael Liebert. Beachten Sie bitte die Allgemeinen Gesch\u00e4ftsbedingungen, die Sie mit dem Download und Kauf des Bildmaterials akzeptieren.\"},{\"@type\":\"BreadcrumbList\",\"@id\":\"https:\\\/\\\/tonspuren.org\\\/?page_id=239#breadcrumb\",\"itemListElement\":[{\"@type\":\"ListItem\",\"position\":1,\"name\":\"Startseite\",\"item\":\"https:\\\/\\\/tonspuren.org\\\/\"},{\"@type\":\"ListItem\",\"position\":2,\"name\":\"Der Nino aus Wien\"}]},{\"@type\":\"WebSite\",\"@id\":\"https:\\\/\\\/tonspuren.org\\\/#website\",\"url\":\"https:\\\/\\\/tonspuren.org\\\/\",\"name\":\"TONSPUREN 2024\",\"description\":\"Verein zur F\u00f6rderung von Kunst und Kultur\",\"publisher\":{\"@id\":\"https:\\\/\\\/tonspuren.org\\\/#organization\"},\"potentialAction\":[{\"@type\":\"SearchAction\",\"target\":{\"@type\":\"EntryPoint\",\"urlTemplate\":\"https:\\\/\\\/tonspuren.org\\\/?s={search_term_string}\"},\"query-input\":{\"@type\":\"PropertyValueSpecification\",\"valueRequired\":true,\"valueName\":\"search_term_string\"}}],\"inLanguage\":\"de-AT\"},{\"@type\":\"Organization\",\"@id\":\"https:\\\/\\\/tonspuren.org\\\/#organization\",\"name\":\"TONSPUREN 2024\",\"url\":\"https:\\\/\\\/tonspuren.org\\\/\",\"logo\":{\"@type\":\"ImageObject\",\"inLanguage\":\"de-AT\",\"@id\":\"https:\\\/\\\/tonspuren.org\\\/#\\\/schema\\\/logo\\\/image\\\/\",\"url\":\"https:\\\/\\\/tonspuren.org\\\/wp-content\\\/uploads\\\/2024\\\/05\\\/Dein-Abschnittstext.png\",\"contentUrl\":\"https:\\\/\\\/tonspuren.org\\\/wp-content\\\/uploads\\\/2024\\\/05\\\/Dein-Abschnittstext.png\",\"width\":1748,\"height\":1240,\"caption\":\"TONSPUREN 2024\"},\"image\":{\"@id\":\"https:\\\/\\\/tonspuren.org\\\/#\\\/schema\\\/logo\\\/image\\\/\"},\"sameAs\":[\"https:\\\/\\\/www.facebook.com\\\/profile.php?id=61550600819924&locale=de_DE\"]}]}<\/script>\n<!-- \/ Yoast SEO plugin. -->","yoast_head_json":{"title":"Der Nino aus Wien - TONSPUREN 2026","robots":{"index":"index","follow":"follow","max-snippet":"max-snippet:-1","max-image-preview":"max-image-preview:large","max-video-preview":"max-video-preview:-1"},"canonical":"https:\/\/tonspuren.org\/?page_id=239","og_locale":"de_DE","og_type":"article","og_title":"Der Nino aus Wien - TONSPUREN 2026","og_description":"Der \u00f6sterreichische Liedermacher und Literat pr\u00e4gt die deutschsprachige Musikszene mitseiner ureigenen Form des &#8222;Wienerlieds&#8220; und seinem &#8222;Hirschstettner Soul&#8220;.Als &#8222;bester.","og_url":"https:\/\/tonspuren.org\/?page_id=239","og_site_name":"TONSPUREN 2026","article_publisher":"https:\/\/www.facebook.com\/profile.php?id=61550600819924&locale=de_DE","article_modified_time":"2024-05-20T16:11:30+00:00","og_image":[{"url":"https:\/\/tonspuren.org\/wp-content\/uploads\/2024\/05\/DerNinoAusWien_Foto_Michael_Liebert-2-1-768x1024.jpg","type":"","width":"","height":""}],"twitter_card":"summary_large_image","schema":{"@context":"https:\/\/schema.org","@graph":[{"@type":"WebPage","@id":"https:\/\/tonspuren.org\/?page_id=239","url":"https:\/\/tonspuren.org\/?page_id=239","name":"Der Nino aus Wien - TONSPUREN 2026","isPartOf":{"@id":"https:\/\/tonspuren.org\/#website"},"primaryImageOfPage":{"@id":"https:\/\/tonspuren.org\/?page_id=239#primaryimage"},"image":{"@id":"https:\/\/tonspuren.org\/?page_id=239#primaryimage"},"thumbnailUrl":"https:\/\/tonspuren.org\/wp-content\/uploads\/2024\/05\/DerNinoAusWien_Foto_Michael_Liebert-2-1-768x1024.jpg","datePublished":"2024-05-10T10:59:09+00:00","dateModified":"2024-05-20T16:11:30+00:00","breadcrumb":{"@id":"https:\/\/tonspuren.org\/?page_id=239#breadcrumb"},"inLanguage":"de-AT","potentialAction":[{"@type":"ReadAction","target":["https:\/\/tonspuren.org\/?page_id=239"]}]},{"@type":"ImageObject","inLanguage":"de-AT","@id":"https:\/\/tonspuren.org\/?page_id=239#primaryimage","url":"https:\/\/tonspuren.org\/wp-content\/uploads\/2024\/05\/DerNinoAusWien_Foto_Michael_Liebert-2-1-scaled.jpg","contentUrl":"https:\/\/tonspuren.org\/wp-content\/uploads\/2024\/05\/DerNinoAusWien_Foto_Michael_Liebert-2-1-scaled.jpg","width":1920,"height":2560,"caption":"Abdruck unter Angabe des Fotocredits. Die Verwendung f\u00fcr Verkaufswaren laut Vereinbarung. Die Werbung f\u00fcr Dritte ist honorarpflichtig und bedarf der vorherigen ausdr\u00fccklichen Zustimmung von Michael Liebert. Beachten Sie bitte die Allgemeinen Gesch\u00e4ftsbedingungen, die Sie mit dem Download und Kauf des Bildmaterials akzeptieren."},{"@type":"BreadcrumbList","@id":"https:\/\/tonspuren.org\/?page_id=239#breadcrumb","itemListElement":[{"@type":"ListItem","position":1,"name":"Startseite","item":"https:\/\/tonspuren.org\/"},{"@type":"ListItem","position":2,"name":"Der Nino aus Wien"}]},{"@type":"WebSite","@id":"https:\/\/tonspuren.org\/#website","url":"https:\/\/tonspuren.org\/","name":"TONSPUREN 2024","description":"Verein zur F\u00f6rderung von Kunst und Kultur","publisher":{"@id":"https:\/\/tonspuren.org\/#organization"},"potentialAction":[{"@type":"SearchAction","target":{"@type":"EntryPoint","urlTemplate":"https:\/\/tonspuren.org\/?s={search_term_string}"},"query-input":{"@type":"PropertyValueSpecification","valueRequired":true,"valueName":"search_term_string"}}],"inLanguage":"de-AT"},{"@type":"Organization","@id":"https:\/\/tonspuren.org\/#organization","name":"TONSPUREN 2024","url":"https:\/\/tonspuren.org\/","logo":{"@type":"ImageObject","inLanguage":"de-AT","@id":"https:\/\/tonspuren.org\/#\/schema\/logo\/image\/","url":"https:\/\/tonspuren.org\/wp-content\/uploads\/2024\/05\/Dein-Abschnittstext.png","contentUrl":"https:\/\/tonspuren.org\/wp-content\/uploads\/2024\/05\/Dein-Abschnittstext.png","width":1748,"height":1240,"caption":"TONSPUREN 2024"},"image":{"@id":"https:\/\/tonspuren.org\/#\/schema\/logo\/image\/"},"sameAs":["https:\/\/www.facebook.com\/profile.php?id=61550600819924&locale=de_DE"]}]}},"_links":{"self":[{"href":"https:\/\/tonspuren.org\/index.php?rest_route=\/wp\/v2\/pages\/239","targetHints":{"allow":["GET"]}}],"collection":[{"href":"https:\/\/tonspuren.org\/index.php?rest_route=\/wp\/v2\/pages"}],"about":[{"href":"https:\/\/tonspuren.org\/index.php?rest_route=\/wp\/v2\/types\/page"}],"author":[{"embeddable":true,"href":"https:\/\/tonspuren.org\/index.php?rest_route=\/wp\/v2\/users\/1"}],"replies":[{"embeddable":true,"href":"https:\/\/tonspuren.org\/index.php?rest_route=%2Fwp%2Fv2%2Fcomments&post=239"}],"version-history":[{"count":10,"href":"https:\/\/tonspuren.org\/index.php?rest_route=\/wp\/v2\/pages\/239\/revisions"}],"predecessor-version":[{"id":872,"href":"https:\/\/tonspuren.org\/index.php?rest_route=\/wp\/v2\/pages\/239\/revisions\/872"}],"wp:attachment":[{"href":"https:\/\/tonspuren.org\/index.php?rest_route=%2Fwp%2Fv2%2Fmedia&parent=239"}],"curies":[{"name":"wp","href":"https:\/\/api.w.org\/{rel}","templated":true}]}}