{"id":1107,"date":"2024-05-21T12:26:36","date_gmt":"2024-05-21T12:26:36","guid":{"rendered":"https:\/\/tonspuren.org\/?page_id=1107"},"modified":"2024-05-22T08:54:50","modified_gmt":"2024-05-22T08:54:50","slug":"impressum","status":"publish","type":"page","link":"https:\/\/tonspuren.org\/?page_id=1107","title":{"rendered":"Impressum \/ Kontakt"},"content":{"rendered":"\t\t<div data-elementor-type=\"wp-page\" data-elementor-id=\"1107\" class=\"elementor elementor-1107\">\n\t\t\t\t<div class=\"elementor-element elementor-element-06c0565 e-con-full e-flex e-con e-parent\" data-id=\"06c0565\" data-element_type=\"container\" data-e-type=\"container\">\n\t\t<div class=\"elementor-element elementor-element-c9c8085 e-con-full e-flex e-con e-child\" data-id=\"c9c8085\" data-element_type=\"container\" data-e-type=\"container\">\n\t\t\t\t<div class=\"elementor-element elementor-element-9608092 elementor-widget elementor-widget-text-editor\" data-id=\"9608092\" data-element_type=\"widget\" data-e-type=\"widget\" data-widget_type=\"text-editor.default\">\n\t\t\t\t<div class=\"elementor-widget-container\">\n\t\t\t\t\t\t\t\t\t<div class=\"elementor-element elementor-element-63611bf e-flex e-con-boxed e-con e-parent\" data-id=\"63611bf\" data-element_type=\"container\"><div class=\"e-con-inner\"><div class=\"elementor-element elementor-element-d42fcc8 e-con-full e-flex e-con e-child\" data-id=\"d42fcc8\" data-element_type=\"container\"><div class=\"elementor-element elementor-element-491091b elementor-widget elementor-widget-text-editor\" data-id=\"491091b\" data-element_type=\"widget\" data-widget_type=\"text-editor.default\"><div class=\"elementor-widget-container\"><p><span style=\"color: #ffffff;\">Der Verein:\u00a0<strong>Tonspuren<\/strong>, dessen T\u00e4tigkeit nicht auf Gewinn gerichtet ist, bezweckt:<\/span><\/p><p><span style=\"color: #ffffff;\">F\u00f6rderung von Kunst und Kultur<\/span><br \/><span style=\"color: #ffffff;\">F\u00f6rderung kultureller Bet\u00e4tigung<\/span><br \/><span style=\"color: #ffffff;\">Vermittlung von Kultur<\/span><br \/><span style=\"color: #ffffff;\">Besch\u00e4ftigung bzw. Auseinandersetzung mit Kunst und Kultur<\/span><br \/><span style=\"color: #ffffff;\">Bereicherung des kulturellen Lebens<\/span><br \/><span style=\"color: #ffffff;\">F\u00f6rderung der Kommunikation<\/span><\/p><p><span style=\"color: #ffffff;\">\u00a0<\/span><\/p><p><span style=\"color: #ffffff; font-family: var( --e-global-typography-text-font-family ), Sans-serif; font-weight: var( --e-global-typography-text-font-weight ); text-align: var(--text-align);\">Organschaftlicher Vertreter: Andreas Silldorff, Alfred Silldorff<\/span><\/p><p><span style=\"color: #ffffff; font-family: var( --e-global-typography-text-font-family ), Sans-serif; font-weight: var( --e-global-typography-text-font-weight ); text-align: initial;\">Sitz: Paul Troger-Gasse 12A\/17, 2700 Wiener Neustadt<\/span><\/p><p><span style=\"color: #ffffff; font-family: var( --e-global-typography-text-font-family ), Sans-serif; font-weight: var( --e-global-typography-text-font-weight ); text-align: initial;\">ZVR-Zahl 1862767966<\/span><\/p><p><span style=\"color: #ffffff; font-family: var( --e-global-typography-text-font-family ), Sans-serif; font-weight: var( --e-global-typography-text-font-weight ); text-align: initial;\">Mail: Info@tonspuren.org<\/span><\/p><\/div><\/div><\/div><\/div><\/div>\t\t\t\t\t\t\t\t<\/div>\n\t\t\t\t<\/div>\n\t\t\t\t<\/div>\n\t\t\t\t<\/div>\n\t\t\t\t<\/div>\n\t\t","protected":false},"excerpt":{"rendered":"<p>Der Verein:\u00a0Tonspuren, dessen T\u00e4tigkeit nicht auf Gewinn gerichtet ist, bezweckt: F\u00f6rderung von Kunst und KulturF\u00f6rderung kultureller Bet\u00e4tigungVermittlung von KulturBesch\u00e4ftigung.<\/p>\n","protected":false},"author":1,"featured_media":0,"parent":0,"menu_order":0,"comment_status":"closed","ping_status":"closed","template":"","meta":{"footnotes":""},"class_list":["post-1107","page","type-page","status-publish","hentry"],"yoast_head":"<!-- This site is optimized with the Yoast SEO plugin v27.4 - https:\/\/yoast.com\/product\/yoast-seo-wordpress\/ -->\n<title>Impressum \/ Kontakt - TONSPUREN 2026<\/title>\n<meta name=\"robots\" content=\"index, follow, max-snippet:-1, max-image-preview:large, max-video-preview:-1\" \/>\n<link rel=\"canonical\" href=\"https:\/\/tonspuren.org\/?page_id=1107\" \/>\n<meta property=\"og:locale\" content=\"de_DE\" \/>\n<meta property=\"og:type\" content=\"article\" \/>\n<meta property=\"og:title\" content=\"Impressum \/ Kontakt - TONSPUREN 2026\" \/>\n<meta property=\"og:description\" content=\"Der Verein:\u00a0Tonspuren, dessen T\u00e4tigkeit nicht auf Gewinn gerichtet ist, bezweckt: F\u00f6rderung von Kunst und KulturF\u00f6rderung kultureller Bet\u00e4tigungVermittlung von KulturBesch\u00e4ftigung.\" \/>\n<meta property=\"og:url\" content=\"https:\/\/tonspuren.org\/?page_id=1107\" \/>\n<meta property=\"og:site_name\" content=\"TONSPUREN 2026\" \/>\n<meta property=\"article:publisher\" content=\"https:\/\/www.facebook.com\/profile.php?id=61550600819924&amp;locale=de_DE\" \/>\n<meta property=\"article:modified_time\" content=\"2024-05-22T08:54:50+00:00\" \/>\n<meta name=\"twitter:card\" content=\"summary_large_image\" \/>\n<meta name=\"twitter:label1\" content=\"Gesch\u00e4tzte Lesezeit\" \/>\n\t<meta name=\"twitter:data1\" content=\"1 Minute\" \/>\n<script type=\"application\/ld+json\" class=\"yoast-schema-graph\">{\"@context\":\"https:\\\/\\\/schema.org\",\"@graph\":[{\"@type\":\"WebPage\",\"@id\":\"https:\\\/\\\/tonspuren.org\\\/?page_id=1107\",\"url\":\"https:\\\/\\\/tonspuren.org\\\/?page_id=1107\",\"name\":\"Impressum \\\/ Kontakt - TONSPUREN 2026\",\"isPartOf\":{\"@id\":\"https:\\\/\\\/tonspuren.org\\\/#website\"},\"datePublished\":\"2024-05-21T12:26:36+00:00\",\"dateModified\":\"2024-05-22T08:54:50+00:00\",\"breadcrumb\":{\"@id\":\"https:\\\/\\\/tonspuren.org\\\/?page_id=1107#breadcrumb\"},\"inLanguage\":\"de-AT\",\"potentialAction\":[{\"@type\":\"ReadAction\",\"target\":[\"https:\\\/\\\/tonspuren.org\\\/?page_id=1107\"]}]},{\"@type\":\"BreadcrumbList\",\"@id\":\"https:\\\/\\\/tonspuren.org\\\/?page_id=1107#breadcrumb\",\"itemListElement\":[{\"@type\":\"ListItem\",\"position\":1,\"name\":\"Startseite\",\"item\":\"https:\\\/\\\/tonspuren.org\\\/\"},{\"@type\":\"ListItem\",\"position\":2,\"name\":\"Impressum \\\/ Kontakt\"}]},{\"@type\":\"WebSite\",\"@id\":\"https:\\\/\\\/tonspuren.org\\\/#website\",\"url\":\"https:\\\/\\\/tonspuren.org\\\/\",\"name\":\"TONSPUREN 2024\",\"description\":\"Verein zur F\u00f6rderung von Kunst und Kultur\",\"publisher\":{\"@id\":\"https:\\\/\\\/tonspuren.org\\\/#organization\"},\"potentialAction\":[{\"@type\":\"SearchAction\",\"target\":{\"@type\":\"EntryPoint\",\"urlTemplate\":\"https:\\\/\\\/tonspuren.org\\\/?s={search_term_string}\"},\"query-input\":{\"@type\":\"PropertyValueSpecification\",\"valueRequired\":true,\"valueName\":\"search_term_string\"}}],\"inLanguage\":\"de-AT\"},{\"@type\":\"Organization\",\"@id\":\"https:\\\/\\\/tonspuren.org\\\/#organization\",\"name\":\"TONSPUREN 2024\",\"url\":\"https:\\\/\\\/tonspuren.org\\\/\",\"logo\":{\"@type\":\"ImageObject\",\"inLanguage\":\"de-AT\",\"@id\":\"https:\\\/\\\/tonspuren.org\\\/#\\\/schema\\\/logo\\\/image\\\/\",\"url\":\"https:\\\/\\\/tonspuren.org\\\/wp-content\\\/uploads\\\/2024\\\/05\\\/Dein-Abschnittstext.png\",\"contentUrl\":\"https:\\\/\\\/tonspuren.org\\\/wp-content\\\/uploads\\\/2024\\\/05\\\/Dein-Abschnittstext.png\",\"width\":1748,\"height\":1240,\"caption\":\"TONSPUREN 2024\"},\"image\":{\"@id\":\"https:\\\/\\\/tonspuren.org\\\/#\\\/schema\\\/logo\\\/image\\\/\"},\"sameAs\":[\"https:\\\/\\\/www.facebook.com\\\/profile.php?id=61550600819924&locale=de_DE\"]}]}<\/script>\n<!-- \/ Yoast SEO plugin. -->","yoast_head_json":{"title":"Impressum \/ Kontakt - TONSPUREN 2026","robots":{"index":"index","follow":"follow","max-snippet":"max-snippet:-1","max-image-preview":"max-image-preview:large","max-video-preview":"max-video-preview:-1"},"canonical":"https:\/\/tonspuren.org\/?page_id=1107","og_locale":"de_DE","og_type":"article","og_title":"Impressum \/ Kontakt - TONSPUREN 2026","og_description":"Der Verein:\u00a0Tonspuren, dessen T\u00e4tigkeit nicht auf Gewinn gerichtet ist, bezweckt: F\u00f6rderung von Kunst und KulturF\u00f6rderung kultureller Bet\u00e4tigungVermittlung von KulturBesch\u00e4ftigung.","og_url":"https:\/\/tonspuren.org\/?page_id=1107","og_site_name":"TONSPUREN 2026","article_publisher":"https:\/\/www.facebook.com\/profile.php?id=61550600819924&locale=de_DE","article_modified_time":"2024-05-22T08:54:50+00:00","twitter_card":"summary_large_image","twitter_misc":{"Gesch\u00e4tzte Lesezeit":"1 Minute"},"schema":{"@context":"https:\/\/schema.org","@graph":[{"@type":"WebPage","@id":"https:\/\/tonspuren.org\/?page_id=1107","url":"https:\/\/tonspuren.org\/?page_id=1107","name":"Impressum \/ Kontakt - TONSPUREN 2026","isPartOf":{"@id":"https:\/\/tonspuren.org\/#website"},"datePublished":"2024-05-21T12:26:36+00:00","dateModified":"2024-05-22T08:54:50+00:00","breadcrumb":{"@id":"https:\/\/tonspuren.org\/?page_id=1107#breadcrumb"},"inLanguage":"de-AT","potentialAction":[{"@type":"ReadAction","target":["https:\/\/tonspuren.org\/?page_id=1107"]}]},{"@type":"BreadcrumbList","@id":"https:\/\/tonspuren.org\/?page_id=1107#breadcrumb","itemListElement":[{"@type":"ListItem","position":1,"name":"Startseite","item":"https:\/\/tonspuren.org\/"},{"@type":"ListItem","position":2,"name":"Impressum \/ Kontakt"}]},{"@type":"WebSite","@id":"https:\/\/tonspuren.org\/#website","url":"https:\/\/tonspuren.org\/","name":"TONSPUREN 2024","description":"Verein zur F\u00f6rderung von Kunst und Kultur","publisher":{"@id":"https:\/\/tonspuren.org\/#organization"},"potentialAction":[{"@type":"SearchAction","target":{"@type":"EntryPoint","urlTemplate":"https:\/\/tonspuren.org\/?s={search_term_string}"},"query-input":{"@type":"PropertyValueSpecification","valueRequired":true,"valueName":"search_term_string"}}],"inLanguage":"de-AT"},{"@type":"Organization","@id":"https:\/\/tonspuren.org\/#organization","name":"TONSPUREN 2024","url":"https:\/\/tonspuren.org\/","logo":{"@type":"ImageObject","inLanguage":"de-AT","@id":"https:\/\/tonspuren.org\/#\/schema\/logo\/image\/","url":"https:\/\/tonspuren.org\/wp-content\/uploads\/2024\/05\/Dein-Abschnittstext.png","contentUrl":"https:\/\/tonspuren.org\/wp-content\/uploads\/2024\/05\/Dein-Abschnittstext.png","width":1748,"height":1240,"caption":"TONSPUREN 2024"},"image":{"@id":"https:\/\/tonspuren.org\/#\/schema\/logo\/image\/"},"sameAs":["https:\/\/www.facebook.com\/profile.php?id=61550600819924&locale=de_DE"]}]}},"_links":{"self":[{"href":"https:\/\/tonspuren.org\/index.php?rest_route=\/wp\/v2\/pages\/1107","targetHints":{"allow":["GET"]}}],"collection":[{"href":"https:\/\/tonspuren.org\/index.php?rest_route=\/wp\/v2\/pages"}],"about":[{"href":"https:\/\/tonspuren.org\/index.php?rest_route=\/wp\/v2\/types\/page"}],"author":[{"embeddable":true,"href":"https:\/\/tonspuren.org\/index.php?rest_route=\/wp\/v2\/users\/1"}],"replies":[{"embeddable":true,"href":"https:\/\/tonspuren.org\/index.php?rest_route=%2Fwp%2Fv2%2Fcomments&post=1107"}],"version-history":[{"count":26,"href":"https:\/\/tonspuren.org\/index.php?rest_route=\/wp\/v2\/pages\/1107\/revisions"}],"predecessor-version":[{"id":1278,"href":"https:\/\/tonspuren.org\/index.php?rest_route=\/wp\/v2\/pages\/1107\/revisions\/1278"}],"wp:attachment":[{"href":"https:\/\/tonspuren.org\/index.php?rest_route=%2Fwp%2Fv2%2Fmedia&parent=1107"}],"curies":[{"name":"wp","href":"https:\/\/api.w.org\/{rel}","templated":true}]}}